{"id":36,"date":"2017-08-12T18:42:29","date_gmt":"2017-08-12T16:42:29","guid":{"rendered":"http:\/\/new.sjr-zw.de\/?page_id=36"},"modified":"2021-03-18T14:55:35","modified_gmt":"2021-03-18T13:55:35","slug":"juleica","status":"publish","type":"page","link":"https:\/\/sjr-zw.de\/?page_id=36","title":{"rendered":"Juleica"},"content":{"rendered":"<p align=\"left\"><a href=\"https:\/\/www.juleica-antrag.de\" target=\"_blank\" rel=\"noopener noreferrer\"><img decoding=\"async\" loading=\"lazy\" class=\"size-full= alignright\" src=\"https:\/\/sjr-zw.de\/wp-content\/uploads\/2017\/08\/Banner_Juleica_01.jpg\" alt=\"\" width=\"200\" height=\"107\"><\/a><strong><a href=\"https:\/\/www.juleica-antrag.de\" target=\"_blank\" rel=\"noopener noreferrer\">Juleica Online-Antragsverfahren<\/a><\/strong><\/p>\n<p style=\"padding-left: =;\"><a href=\"https:\/\/sjr-zw.de\/wp-content\/uploads\/2018\/01\/antragschritte-juleica-1.zip\">Anleitung zum Antragsverfahren<\/a><\/p>\n<p align=\"left\">\n<\/p><p align=\"left\"><strong><a href=\"https:\/\/e-juleica.de\/\" target=\"_blank\" rel=\"noopener noreferrer\">E-Juleica<\/a><\/strong><\/p>\n\n\n<p>Wir haben seit 2020 eine Online-Nachschulung f\u00fcr Leute, deren Juleica-Karte abgelaufen ist. Nach erfolgreichem Abschlu\u00df des Online-Kurses, kann die Karte dann wieder verl\u00e4ngert werden.<\/p>\n","protected":false},"excerpt":{"rendered":"<p>Juleica Online-Antragsverfahren Anleitung zum Antragsverfahren E-Juleica Wir haben seit 2020 eine Online-Nachschulung f\u00fcr Leute, deren Juleica-Karte abgelaufen ist. Nach erfolgreichem Abschlu\u00df des Online-Kurses, kann die Karte dann wieder verl\u00e4ngert werden.<\/p>\n","protected":false},"author":1,"featured_media":0,"parent":0,"menu_order":0,"comment_status":"closed","ping_status":"closed","template":"","meta":{"footnotes":""},"_links":{"self":[{"href":"https:\/\/sjr-zw.de\/index.php?rest_route=\/wp\/v2\/pages\/36"}],"collection":[{"href":"https:\/\/sjr-zw.de\/index.php?rest_route=\/wp\/v2\/pages"}],"about":[{"href":"https:\/\/sjr-zw.de\/index.php?rest_route=\/wp\/v2\/types\/page"}],"author":[{"embeddable":true,"href":"https:\/\/sjr-zw.de\/index.php?rest_route=\/wp\/v2\/users\/1"}],"replies":[{"embeddable":true,"href":"https:\/\/sjr-zw.de\/index.php?rest_route=%2Fwp%2Fv2%2Fcomments&post=36"}],"version-history":[{"count":42,"href":"https:\/\/sjr-zw.de\/index.php?rest_route=\/wp\/v2\/pages\/36\/revisions"}],"predecessor-version":[{"id":476,"href":"https:\/\/sjr-zw.de\/index.php?rest_route=\/wp\/v2\/pages\/36\/revisions\/476"}],"wp:attachment":[{"href":"https:\/\/sjr-zw.de\/index.php?rest_route=%2Fwp%2Fv2%2Fmedia&parent=36"}],"curies":[{"name":"wp","href":"https:\/\/api.w.org\/{rel}","templated":true}]}}